{"id":14,"date":"2023-08-28T17:50:59","date_gmt":"2023-08-28T15:50:59","guid":{"rendered":"https:\/\/comptoirgraphique.alwaysdata.net\/?page_id=14"},"modified":"2025-01-08T18:08:58","modified_gmt":"2025-01-08T17:08:58","slug":"infos-et-partenaires","status":"publish","type":"page","link":"https:\/\/www.marignane-baladesnumeriques.fr\/?page_id=14","title":{"rendered":"Infos et partenaires"},"content":{"rendered":"<p>[et_pb_section fb_built=\u00a0\u00bb1&Prime; _builder_version=\u00a0\u00bb4.22.1&Prime; _module_preset=\u00a0\u00bbdefault\u00a0\u00bb custom_padding=\u00a0\u00bb||104px|||\u00a0\u00bb global_colors_info=\u00a0\u00bb{}\u00a0\u00bb][et_pb_row column_structure=\u00a0\u00bb2_5,3_5&Prime; _builder_version=\u00a0\u00bb4.22.1&Prime; _module_preset=\u00a0\u00bbdefault\u00a0\u00bb custom_padding=\u00a0\u00bb50px|||||\u00a0\u00bb global_colors_info=\u00a0\u00bb{}\u00a0\u00bb][et_pb_column type=\u00a0\u00bb2_5&Prime; _builder_version=\u00a0\u00bb4.22.1&Prime; _module_preset=\u00a0\u00bbdefault\u00a0\u00bb global_colors_info=\u00a0\u00bb{}\u00a0\u00bb][et_pb_text _builder_version=\u00a0\u00bb4.22.1&Prime; _module_preset=\u00a0\u00bbdefault\u00a0\u00bb header_text_color=\u00a0\u00bb#000000&Prime; header_3_font=\u00a0\u00bbAbhaya Libre|700|||||||\u00a0\u00bb header_3_text_color=\u00a0\u00bb#FFFFFF\u00a0\u00bb header_3_font_size=\u00a0\u00bb47px\u00a0\u00bb background_color=\u00a0\u00bb#e73408&Prime; custom_padding=\u00a0\u00bb10px|10px|10px|10px|false|false\u00a0\u00bb global_colors_info=\u00a0\u00bb{}\u00a0\u00bb]<\/p>\n<h3>Un\u2029 parcours \u2029de \u2029visite\u2029 plein\u2029 air, \u2029innovant\u2029 et \u2029autonome \u2029!<\/h3>\n<p>[\/et_pb_text][\/et_pb_column][et_pb_column type=\u00a0\u00bb3_5&Prime; _builder_version=\u00a0\u00bb4.22.1&Prime; _module_preset=\u00a0\u00bbdefault\u00a0\u00bb global_colors_info=\u00a0\u00bb{}\u00a0\u00bb][et_pb_text _builder_version=\u00a0\u00bb4.22.1&Prime; _module_preset=\u00a0\u00bbdefault\u00a0\u00bb text_font_size=\u00a0\u00bb17px\u00a0\u00bb header_3_font=\u00a0\u00bb||||||||\u00a0\u00bb header_3_font_size=\u00a0\u00bb20px\u00a0\u00bb global_colors_info=\u00a0\u00bb{}\u00a0\u00bb]<\/p>\n<h3>Pour tout renseignement ou information au sujet des balades num\u00e9riques \u00e0 Marignane.<\/h3>\n<p>Rapprochez-vous de l\u2019office de tourisme de Marignane<br \/>Cours Mirabeau \u2013 13700 Marignane<br \/>T\u00e9l: 04 42 31 12 97<br \/>officedetourisme@ville-marignane.fr<br \/><a href=\"http:\/\/www.tourisme-marignane.com\/\">www.tourisme-marignane.com<\/a><\/p>\n<p><a href=\"http:\/\/www.tourisme-marignane.com\/\">Vous souhaitez organiser une visite en groupe \u2026<\/a><br \/><a href=\"http:\/\/www.tourisme-marignane.com\/\">N\u2019h\u00e9sitez pas \u00e0 contacter l\u2019office de tourisme<\/a><\/p>\n<p>[\/et_pb_text][\/et_pb_column][\/et_pb_row][et_pb_row column_structure=\u00a0\u00bb2_5,3_5&Prime; _builder_version=\u00a0\u00bb4.22.1&Prime; _module_preset=\u00a0\u00bbdefault\u00a0\u00bb custom_margin=\u00a0\u00bb52px|auto||auto||\u00a0\u00bb custom_padding=\u00a0\u00bb19px|||||\u00a0\u00bb global_colors_info=\u00a0\u00bb{}\u00a0\u00bb][et_pb_column type=\u00a0\u00bb2_5&Prime; _builder_version=\u00a0\u00bb4.22.1&Prime; _module_preset=\u00a0\u00bbdefault\u00a0\u00bb global_colors_info=\u00a0\u00bb{}\u00a0\u00bb][et_pb_text _builder_version=\u00a0\u00bb4.22.1&Prime; _module_preset=\u00a0\u00bbdefault\u00a0\u00bb header_text_color=\u00a0\u00bb#000000&Prime; header_3_font=\u00a0\u00bbAbhaya Libre|700|||||||\u00a0\u00bb header_3_text_color=\u00a0\u00bb#FFFFFF\u00a0\u00bb header_3_font_size=\u00a0\u00bb47px\u00a0\u00bb background_color=\u00a0\u00bb#e73408&Prime; transform_rotate=\u00a0\u00bb0deg|0deg|271deg\u00a0\u00bb max_width=\u00a0\u00bb53%\u00a0\u00bb custom_padding=\u00a0\u00bb10px|10px|10px|10px|false|false\u00a0\u00bb global_colors_info=\u00a0\u00bb{}\u00a0\u00bb]<\/p>\n<h3>PROJET<\/h3>\n<p>[\/et_pb_text][\/et_pb_column][et_pb_column type=\u00a0\u00bb3_5&Prime; _builder_version=\u00a0\u00bb4.22.1&Prime; _module_preset=\u00a0\u00bbdefault\u00a0\u00bb global_colors_info=\u00a0\u00bb{}\u00a0\u00bb][et_pb_divider divider_weight=\u00a0\u00bb8px\u00a0\u00bb _builder_version=\u00a0\u00bb4.22.1&Prime; _module_preset=\u00a0\u00bbdefault\u00a0\u00bb custom_margin=\u00a0\u00bb||-15px|||\u00a0\u00bb custom_padding=\u00a0\u00bb||0px|||\u00a0\u00bb global_colors_info=\u00a0\u00bb{}\u00a0\u00bb][\/et_pb_divider][et_pb_text _builder_version=\u00a0\u00bb4.22.1&Prime; _module_preset=\u00a0\u00bbdefault\u00a0\u00bb text_font_size=\u00a0\u00bb17px\u00a0\u00bb custom_padding=\u00a0\u00bb74px|||||\u00a0\u00bb global_colors_info=\u00a0\u00bb{}\u00a0\u00bb]Un projet r\u00e9alis\u00e9 par l\u2019Office de Tourisme de Marignane, soutenu par la Ville de Marignane avec le soutien financier du D\u00e9partement des Bouches-du-Rh\u00f4ne  dans le cadre d\u2019un projet TEMA (Tourisme Expertise M\u00e9diation Accompagnement) et de l\u2019entreprise Gambetta \u2013 Conception : Comptoir Graphique, Direction projet : Pierre VALENTINI \u2013 Participation \u00e9ditoriale : Baptiste Lanasp\u00e8ze, Michel Metenier, Mich\u00e8le Establier-Lacaux \u2013 Vid\u00e9os et montage : INA et Marc Boitard ( Service vid\u00e9o de la Ville de MArignane) pour l\u2019Office de Tourisme de Marignane<br \/>\nRemerciements particuliers pour leur aide pr\u00e9cieuse pour la collecte des donn\u00e9es et la relecture minutieuse \u00e0 Michel Metenier et \u00e0 Marc Bonatti, Fabienne Vespini et Jean-Fran\u00e7ois Lion. Merci aussi \u00e0 l\u2019ensemble des services municipaux pour leur contribution au projet. Merci pour le rep\u00e9rage in situ et la pose des plaques QR code. Merci au Siboja\u00ef et au conservatoire du littoral.[\/et_pb_text][et_pb_divider divider_weight=\u00a0\u00bb8px\u00a0\u00bb _builder_version=\u00a0\u00bb4.22.1&Prime; _module_preset=\u00a0\u00bbdefault\u00a0\u00bb custom_margin=\u00a0\u00bb||-15px|||\u00a0\u00bb custom_padding=\u00a0\u00bb||0px|||\u00a0\u00bb global_colors_info=\u00a0\u00bb{}\u00a0\u00bb][\/et_pb_divider][\/et_pb_column][\/et_pb_row][et_pb_row column_structure=\u00a0\u00bb3_5,2_5&Prime; _builder_version=\u00a0\u00bb4.22.1&Prime; _module_preset=\u00a0\u00bbdefault\u00a0\u00bb custom_margin=\u00a0\u00bb57px|auto||auto||\u00a0\u00bb custom_padding=\u00a0\u00bb112px||51px|||\u00a0\u00bb global_colors_info=\u00a0\u00bb{}\u00a0\u00bb][et_pb_column type=\u00a0\u00bb3_5&Prime; _builder_version=\u00a0\u00bb4.22.1&Prime; _module_preset=\u00a0\u00bbdefault\u00a0\u00bb global_colors_info=\u00a0\u00bb{}\u00a0\u00bb][et_pb_text _builder_version=\u00a0\u00bb4.22.1&Prime; _module_preset=\u00a0\u00bbdefault\u00a0\u00bb text_font_size=\u00a0\u00bb17px\u00a0\u00bb global_colors_info=\u00a0\u00bb{}\u00a0\u00bb]<\/p>\n<p><strong>Le Contenu \u00e9ditorial<\/strong><br \/>L\u2019\u00e9criture a \u00e9t\u00e9 faite par Baptiste Lanasp\u00e8ze, concepteur du GR 2013 \u00e0 partir des documents rassembl\u00e9s et num\u00e9ris\u00e9s par l\u2019Office de Tourisme de Marignane en partenariat avec les Services de la Ville de Marignane (Service des Archives Municipales, Direction de l\u2019\u00e9cologie urbaine, Service vid\u00e9o) et Michel Metenier, historien local.<\/p>\n<p><strong>Les textes<\/strong><br \/>Le principe d\u2019\u00e9criture \u00e0 partir des sources a \u00e9t\u00e9 :<br \/>1\u00b0 R\u00e9\u00e9criture et int\u00e9gration d\u2019\u00e9l\u00e9ments textuels dans un exercice de densit\u00e9, de concision, pour permettre au promeneur un rapport optimal temps de lecture \/ information d\u00e9livr\u00e9e.<br \/>2\u00b0 Pour chaque point, choix d\u2019un angle unifi\u00e9, l\u2019ensemble offrant une fresque aussi compl\u00e8te que possible sur Marignane.<br \/>3\u00b0 Croiser l\u2019\u00e9rudition locale de la culture communale et la dimension nationale ou internationale du territoire ; les l\u00e9gendes fondatrices entrechoquant la modernit\u00e9.<\/p>\n<p>Une relecture par l\u2019Office de Tourisme (Mich\u00e8le Establier-Lacaux et Bernard Bentz), Michel M\u00e9t\u00e9nier, Marc Bonatti, Jean-Fran\u00e7ois Lion et Fabienne Vespini.<\/p>\n<p><strong>D\u00e9roul\u00e9 pour chacun des 16 points :<\/strong><br \/>\u2022 Citation en exergue<br \/>\u2022 Texte de 1500 \u00e0 3000 signes<br \/>\u2022 Photographies (en lien direct avec le texte)<br \/>+ 1 ou plusieurs \u201cVues d\u2019artiste\u201d \u00e0 travers l\u2019objetcif du photographe<br \/>+ Des documents additionnels multim\u00e9dia (vid\u00e9os ou sons) en option<\/p>\n<p>[\/et_pb_text][et_pb_divider divider_weight=\u00a0\u00bb8px\u00a0\u00bb _builder_version=\u00a0\u00bb4.22.1&Prime; _module_preset=\u00a0\u00bbdefault\u00a0\u00bb custom_margin=\u00a0\u00bb||-15px|||\u00a0\u00bb custom_padding=\u00a0\u00bb||0px|||\u00a0\u00bb global_colors_info=\u00a0\u00bb{}\u00a0\u00bb][\/et_pb_divider][\/et_pb_column][et_pb_column type=\u00a0\u00bb2_5&Prime; _builder_version=\u00a0\u00bb4.22.1&Prime; _module_preset=\u00a0\u00bbdefault\u00a0\u00bb global_colors_info=\u00a0\u00bb{}\u00a0\u00bb][et_pb_text _builder_version=\u00a0\u00bb4.22.1&Prime; _module_preset=\u00a0\u00bbdefault\u00a0\u00bb header_text_color=\u00a0\u00bb#000000&Prime; header_3_font=\u00a0\u00bbAbhaya Libre|700|||||||\u00a0\u00bb header_3_text_color=\u00a0\u00bb#FFFFFF\u00a0\u00bb header_3_font_size=\u00a0\u00bb47px\u00a0\u00bb background_color=\u00a0\u00bb#e73408&Prime; transform_rotate=\u00a0\u00bb0deg|0deg|271deg\u00a0\u00bb width=\u00a0\u00bb78%\u00a0\u00bb max_width=\u00a0\u00bb89%\u00a0\u00bb custom_padding=\u00a0\u00bb10px|10px|10px|10px|false|false\u00a0\u00bb global_colors_info=\u00a0\u00bb{}\u00a0\u00bb]<\/p>\n<h3>STRUCTURE<\/h3>\n<p>[\/et_pb_text][\/et_pb_column][\/et_pb_row][et_pb_row column_structure=\u00a0\u00bb3_5,2_5&Prime; _builder_version=\u00a0\u00bb4.22.1&Prime; _module_preset=\u00a0\u00bbdefault\u00a0\u00bb custom_margin=\u00a0\u00bb24px|auto||auto||\u00a0\u00bb custom_padding=\u00a0\u00bb112px|||||\u00a0\u00bb global_colors_info=\u00a0\u00bb{}\u00a0\u00bb][et_pb_column type=\u00a0\u00bb3_5&Prime; _builder_version=\u00a0\u00bb4.22.1&Prime; _module_preset=\u00a0\u00bbdefault\u00a0\u00bb global_colors_info=\u00a0\u00bb{}\u00a0\u00bb][et_pb_text _builder_version=\u00a0\u00bb4.22.1&Prime; _module_preset=\u00a0\u00bbdefault\u00a0\u00bb text_font_size=\u00a0\u00bb17px\u00a0\u00bb global_colors_info=\u00a0\u00bb{}\u00a0\u00bb]<\/p>\n<p><strong>Sources communales<\/strong><br \/>Marc Bonatti, archiviste de Marignane<br \/>Atelier du patrimoine de Bernard Duplessy (\u00abLes m\u00e9tamorphoses de Marignane, 1994-1995\u00bb, Coll\u00e8ge Georges Brassens)<br \/>Marignane des premiers temps au XXe si\u00e8cle (ouvrage collectif aux Editions Maury 1987)<br \/>Archives communales (dont coupures de presse)<br \/>Publications municipales (Services)<br \/>Sicard (arch\u00e9ologie)<br \/>R\u00e9cits de Marcel Coulomb<br \/>Fabienne Vespini et Jean-Fran\u00e7ois Lion<br \/>Michel M\u00e9t\u00e9nier (Le canal de jonction de Marseille au Rh\u00f4ne, \u00e9ditions Tacussel 1999)<\/p>\n<p><strong>Sources Urbanisme<\/strong><br \/>CAUE13<br \/>DRAC Patrimoine du XX\u00e8me si\u00e8cle<br \/>Caravan<\/p>\n<p><strong>Sources Multim\u00e9dia<\/strong><br \/>Radio Caravan<br \/>INA<br \/>Webdoc Montre-moi ton \u00e9tang de Marie Daniel<br \/>Vid\u00e9os d\u2019archives de particuliers collect\u00e9es par Marc Boitard (Service vid\u00e9o Ville de Marignane)<\/p>\n<p><strong>Sources diverses<\/strong><br \/>Excursions en Provence de Paul Ruat<br \/>Encyclop\u00e9die des BDR de Masson (26 volumes, 1930)<br \/>Fiches descriptives des ZNIEFF<\/p>\n<p>[\/et_pb_text][et_pb_divider divider_weight=\u00a0\u00bb8px\u00a0\u00bb _builder_version=\u00a0\u00bb4.22.1&Prime; _module_preset=\u00a0\u00bbdefault\u00a0\u00bb custom_margin=\u00a0\u00bb||-15px|||\u00a0\u00bb custom_padding=\u00a0\u00bb||0px|||\u00a0\u00bb global_colors_info=\u00a0\u00bb{}\u00a0\u00bb][\/et_pb_divider][\/et_pb_column][et_pb_column type=\u00a0\u00bb2_5&Prime; _builder_version=\u00a0\u00bb4.22.1&Prime; _module_preset=\u00a0\u00bbdefault\u00a0\u00bb global_colors_info=\u00a0\u00bb{}\u00a0\u00bb][et_pb_text _builder_version=\u00a0\u00bb4.22.1&Prime; _module_preset=\u00a0\u00bbdefault\u00a0\u00bb header_text_color=\u00a0\u00bb#000000&Prime; header_3_font=\u00a0\u00bbAbhaya Libre|700|||||||\u00a0\u00bb header_3_text_color=\u00a0\u00bb#FFFFFF\u00a0\u00bb header_3_font_size=\u00a0\u00bb47px\u00a0\u00bb background_color=\u00a0\u00bb#e73408&Prime; transform_rotate=\u00a0\u00bb0deg|0deg|271deg\u00a0\u00bb width=\u00a0\u00bb63%\u00a0\u00bb max_width=\u00a0\u00bb89%\u00a0\u00bb custom_padding=\u00a0\u00bb10px|10px|10px|10px|false|false\u00a0\u00bb global_colors_info=\u00a0\u00bb{}\u00a0\u00bb]<\/p>\n<h3>SOURCES<\/h3>\n<p>[\/et_pb_text][\/et_pb_column][\/et_pb_row][et_pb_row column_structure=\u00a0\u00bb2_5,3_5&Prime; _builder_version=\u00a0\u00bb4.22.1&Prime; _module_preset=\u00a0\u00bbdefault\u00a0\u00bb custom_margin=\u00a0\u00bb128px|auto||auto||\u00a0\u00bb global_colors_info=\u00a0\u00bb{}\u00a0\u00bb][et_pb_column type=\u00a0\u00bb2_5&Prime; _builder_version=\u00a0\u00bb4.22.1&Prime; _module_preset=\u00a0\u00bbdefault\u00a0\u00bb global_colors_info=\u00a0\u00bb{}\u00a0\u00bb][et_pb_text _builder_version=\u00a0\u00bb4.22.1&Prime; _module_preset=\u00a0\u00bbdefault\u00a0\u00bb header_text_color=\u00a0\u00bb#000000&Prime; header_3_font=\u00a0\u00bbAbhaya Libre|700|||||||\u00a0\u00bb header_3_text_color=\u00a0\u00bb#FFFFFF\u00a0\u00bb header_3_font_size=\u00a0\u00bb47px\u00a0\u00bb background_color=\u00a0\u00bb#e73408&Prime; transform_rotate=\u00a0\u00bb0deg|0deg|271deg\u00a0\u00bb max_width=\u00a0\u00bb89%\u00a0\u00bb custom_padding=\u00a0\u00bb10px|10px|10px|10px|false|false\u00a0\u00bb global_colors_info=\u00a0\u00bb{}\u00a0\u00bb]<\/p>\n<h3>PARTENAIRES<\/h3>\n<p>[\/et_pb_text][\/et_pb_column][et_pb_column type=\u00a0\u00bb3_5&Prime; _builder_version=\u00a0\u00bb4.22.1&Prime; _module_preset=\u00a0\u00bbdefault\u00a0\u00bb global_colors_info=\u00a0\u00bb{}\u00a0\u00bb][et_pb_text _builder_version=\u00a0\u00bb4.27.4&Prime; _module_preset=\u00a0\u00bbdefault\u00a0\u00bb hover_enabled=\u00a0\u00bb0&Prime; global_colors_info=\u00a0\u00bb{}\u00a0\u00bb sticky_enabled=\u00a0\u00bb0&Prime;]<img loading=\"lazy\" decoding=\"async\" src=\"http:\/\/marignane-baladesnumeriques.fr\/wp-content\/uploads\/2023\/08\/ot-marignane.jpg\" width=\"81\" height=\"85\" alt=\"\" class=\"wp-image-94 alignnone size-full\" \/>\u00a0 \u00a0 <img loading=\"lazy\" decoding=\"async\" src=\"http:\/\/marignane-baladesnumeriques.fr\/wp-content\/uploads\/2023\/08\/ville-marignane.jpg\" width=\"100\" height=\"76\" alt=\"\" class=\"wp-image-93 alignnone size-full\" \/>.\u00a0 <img loading=\"lazy\" decoding=\"async\" src=\"http:\/\/marignane-baladesnumeriques.fr\/wp-content\/uploads\/2023\/08\/bdr-tourisme.jpg\" width=\"66\" height=\"73\" alt=\"\" class=\"wp-image-95 alignnone size-full\" \/>.\u00a0 <img loading=\"lazy\" decoding=\"async\" src=\"http:\/\/marignane-baladesnumeriques.fr\/wp-content\/uploads\/2023\/08\/bouche-du-rhone2.jpg\" width=\"132\" height=\"39\" alt=\"\" class=\"wp-image-96 alignnone size-full\" \/>\u00a0 \u00a0<img loading=\"lazy\" decoding=\"async\" src=\"http:\/\/marignane-baladesnumeriques.fr\/wp-content\/uploads\/2023\/08\/gambetta.jpg\" width=\"58\" height=\"63\" alt=\"\" class=\"wp-image-97 alignnone size-full\" \/><br \/>\n[\/et_pb_text][\/et_pb_column][\/et_pb_row][\/et_pb_section]<\/p>\n","protected":false},"excerpt":{"rendered":"<p>Un\u2029 parcours \u2029de \u2029visite\u2029 plein\u2029 air, \u2029innovant\u2029 et \u2029autonome \u2029!Pour tout renseignement ou information au sujet des balades num\u00e9riques \u00e0 Marignane. Rapprochez-vous de l\u2019office de tourisme de MarignaneCours Mirabeau \u2013 13700 MarignaneT\u00e9l: 04 42 31 12 97officedetourisme@ville-marignane.frwww.tourisme-marignane.com Vous souhaitez organiser une visite en groupe \u2026N\u2019h\u00e9sitez pas \u00e0 contacter l\u2019office de tourismePROJETUn projet r\u00e9alis\u00e9 par l\u2019Office [&hellip;]<\/p>\n","protected":false},"author":1,"featured_media":0,"parent":0,"menu_order":0,"comment_status":"closed","ping_status":"closed","template":"","meta":{"_et_pb_use_builder":"on","_et_pb_old_content":"<!-- wp:divi\/placeholder \/-->","_et_gb_content_width":"","footnotes":""},"class_list":["post-14","page","type-page","status-publish","hentry"],"_links":{"self":[{"href":"https:\/\/www.marignane-baladesnumeriques.fr\/index.php?rest_route=\/wp\/v2\/pages\/14","targetHints":{"allow":["GET"]}}],"collection":[{"href":"https:\/\/www.marignane-baladesnumeriques.fr\/index.php?rest_route=\/wp\/v2\/pages"}],"about":[{"href":"https:\/\/www.marignane-baladesnumeriques.fr\/index.php?rest_route=\/wp\/v2\/types\/page"}],"author":[{"embeddable":true,"href":"https:\/\/www.marignane-baladesnumeriques.fr\/index.php?rest_route=\/wp\/v2\/users\/1"}],"replies":[{"embeddable":true,"href":"https:\/\/www.marignane-baladesnumeriques.fr\/index.php?rest_route=%2Fwp%2Fv2%2Fcomments&post=14"}],"version-history":[{"count":9,"href":"https:\/\/www.marignane-baladesnumeriques.fr\/index.php?rest_route=\/wp\/v2\/pages\/14\/revisions"}],"predecessor-version":[{"id":256,"href":"https:\/\/www.marignane-baladesnumeriques.fr\/index.php?rest_route=\/wp\/v2\/pages\/14\/revisions\/256"}],"wp:attachment":[{"href":"https:\/\/www.marignane-baladesnumeriques.fr\/index.php?rest_route=%2Fwp%2Fv2%2Fmedia&parent=14"}],"curies":[{"name":"wp","href":"https:\/\/api.w.org\/{rel}","templated":true}]}}